{"id":4038,"date":"2016-01-03T08:01:44","date_gmt":"2016-01-03T12:01:44","guid":{"rendered":"http:\/\/espacecabdeco.ca\/en\/product\/non%20class\u00e9\/chat-pouf-l\/"},"modified":"2024-05-02T10:52:45","modified_gmt":"2024-05-02T15:52:45","slug":"chat-pouf-l","status":"publish","type":"product","link":"https:\/\/www.espacecabdeco.ca\/en\/product\/stools-poufs\/chat-pouf-l\/","title":{"rendered":"Chat Pouf L"},"content":{"rendered":"<p>Pouf. Entirely upholstered.<\/p>\n<p>C.O.M. \u00a03.75 yards.<\/p>\n<p><span style=\"text-decoration: underline;\"><a href=\"http:\/\/espacecabdeco.ca\/en\/care-instructions-2\/\">Care instructions &gt;<\/a><\/span><\/p>\n","protected":false},"excerpt":{"rendered":"<p>Pouf. Entirely upholstered. C.O.M. \u00a03.75 yards. Care instructions &gt;<\/p>\n","protected":false},"featured_media":4032,"comment_status":"open","ping_status":"closed","template":"","meta":[],"product_brand":[],"product_cat":[147,7],"product_tag":[738,335,445,730],"class_list":{"0":"post-4038","1":"product","2":"type-product","3":"status-publish","4":"has-post-thumbnail","6":"product_cat-armchairs-sofas","7":"product_cat-stools-poufs","8":"product_tag-chatpoufl-en","9":"product_tag-lounge-en","10":"product_tag-pouf-en","11":"product_tag-softline-en","12":"stools-poufs","13":"lounge-seating-poufs-lounge","14":"frame-finishes-upholstered","15":"seat-finishes-upholstered-seat","17":"first","18":"instock","19":"shipping-taxable","20":"product-type-simple"},"yoast_head":"<!-- This site is optimized with the Yoast SEO plugin v26.3 - https:\/\/yoast.com\/wordpress\/plugins\/seo\/ -->\n<title>Chat Pouf L - CAB D\u00e9co - Contract and Residential Furniture - Montreal<\/title>\n<meta name=\"description\" content=\"Chat pouf l - Entirely upholstered pouf. Suitable for contract use. Lounge seat, sofa, pouf and furniture for home and public use.\" \/>\n<meta name=\"robots\" content=\"index, follow, max-snippet:-1, max-image-preview:large, max-video-preview:-1\" \/>\n<link rel=\"canonical\" href=\"https:\/\/www.cabdeco.ca\/en\/product\/stools-poufs\/chat-pouf-l\/\" \/>\n<meta property=\"og:locale\" content=\"en_US\" \/>\n<meta property=\"og:type\" content=\"article\" \/>\n<meta property=\"og:title\" content=\"Chat Pouf L - CAB D\u00e9co - Contract and Residential Furniture - Montreal\" \/>\n<meta property=\"og:description\" content=\"Chat pouf l - Entirely upholstered pouf. Suitable for contract use. Lounge seat, sofa, pouf and furniture for home and public use.\" \/>\n<meta property=\"og:url\" content=\"https:\/\/www.cabdeco.ca\/en\/product\/stools-poufs\/chat-pouf-l\/\" \/>\n<meta property=\"og:site_name\" content=\"Espace Cabd\u00e9co\" \/>\n<meta property=\"article:publisher\" content=\"https:\/\/www.facebook.com\/CAB-D%c3%a9co-626681560734273\/\" \/>\n<meta property=\"article:modified_time\" content=\"2024-05-02T15:52:45+00:00\" \/>\n<meta property=\"og:image\" content=\"https:\/\/www.cabdeco.ca\/wp-content\/uploads\/2016\/01\/chat-pouf-gray-front.jpg\" \/>\n\t<meta property=\"og:image:width\" content=\"620\" \/>\n\t<meta property=\"og:image:height\" content=\"560\" \/>\n\t<meta property=\"og:image:type\" content=\"image\/jpeg\" \/>\n<meta name=\"twitter:card\" content=\"summary_large_image\" \/>\n<meta name=\"twitter:site\" content=\"@cabdeco\" \/>\n<script type=\"application\/ld+json\" class=\"yoast-schema-graph\">{\"@context\":\"https:\/\/schema.org\",\"@graph\":[{\"@type\":\"WebPage\",\"@id\":\"https:\/\/www.cabdeco.ca\/en\/product\/stools-poufs\/chat-pouf-l\/\",\"url\":\"https:\/\/www.cabdeco.ca\/en\/product\/stools-poufs\/chat-pouf-l\/\",\"name\":\"Chat Pouf L - CAB D\u00e9co - Contract and Residential Furniture - Montreal\",\"isPartOf\":{\"@id\":\"https:\/\/www.espacecabdeco.ca\/#website\"},\"primaryImageOfPage\":{\"@id\":\"https:\/\/www.cabdeco.ca\/en\/product\/stools-poufs\/chat-pouf-l\/#primaryimage\"},\"image\":{\"@id\":\"https:\/\/www.cabdeco.ca\/en\/product\/stools-poufs\/chat-pouf-l\/#primaryimage\"},\"thumbnailUrl\":\"https:\/\/www.espacecabdeco.ca\/wp-content\/uploads\/2016\/01\/chat-pouf-gray-front.jpg\",\"datePublished\":\"2016-01-03T12:01:44+00:00\",\"dateModified\":\"2024-05-02T15:52:45+00:00\",\"description\":\"Chat pouf l - Entirely upholstered pouf. Suitable for contract use. Lounge seat, sofa, pouf and furniture for home and public use.\",\"breadcrumb\":{\"@id\":\"https:\/\/www.cabdeco.ca\/en\/product\/stools-poufs\/chat-pouf-l\/#breadcrumb\"},\"inLanguage\":\"en-US\",\"potentialAction\":[{\"@type\":\"ReadAction\",\"target\":[\"https:\/\/www.cabdeco.ca\/en\/product\/stools-poufs\/chat-pouf-l\/\"]}]},{\"@type\":\"ImageObject\",\"inLanguage\":\"en-US\",\"@id\":\"https:\/\/www.cabdeco.ca\/en\/product\/stools-poufs\/chat-pouf-l\/#primaryimage\",\"url\":\"https:\/\/www.espacecabdeco.ca\/wp-content\/uploads\/2016\/01\/chat-pouf-gray-front.jpg\",\"contentUrl\":\"https:\/\/www.espacecabdeco.ca\/wp-content\/uploads\/2016\/01\/chat-pouf-gray-front.jpg\",\"width\":620,\"height\":560},{\"@type\":\"BreadcrumbList\",\"@id\":\"https:\/\/www.cabdeco.ca\/en\/product\/stools-poufs\/chat-pouf-l\/#breadcrumb\",\"itemListElement\":[{\"@type\":\"ListItem\",\"position\":1,\"name\":\"Accueil\",\"item\":\"https:\/\/www.espacecabdeco.ca\/en\/\"},{\"@type\":\"ListItem\",\"position\":2,\"name\":\"Products\",\"item\":\"https:\/\/www.espacecabdeco.ca\/produits\/\"},{\"@type\":\"ListItem\",\"position\":3,\"name\":\"Chat Pouf L\"}]},{\"@type\":\"WebSite\",\"@id\":\"https:\/\/www.espacecabdeco.ca\/#website\",\"url\":\"https:\/\/www.espacecabdeco.ca\/\",\"name\":\"Espace Cabd\u00e9co\",\"description\":\"Mobilier commercial et r\u00e9sidentiel \u00e0 Montr\u00e9al\",\"potentialAction\":[{\"@type\":\"SearchAction\",\"target\":{\"@type\":\"EntryPoint\",\"urlTemplate\":\"https:\/\/www.espacecabdeco.ca\/?s={search_term_string}\"},\"query-input\":{\"@type\":\"PropertyValueSpecification\",\"valueRequired\":true,\"valueName\":\"search_term_string\"}}],\"inLanguage\":\"en-US\"}]}<\/script>\n<!-- \/ Yoast SEO plugin. -->","yoast_head_json":{"title":"Chat Pouf L - CAB D\u00e9co - Contract and Residential Furniture - Montreal","description":"Chat pouf l - Entirely upholstered pouf. Suitable for contract use. Lounge seat, sofa, pouf and furniture for home and public use.","robots":{"index":"index","follow":"follow","max-snippet":"max-snippet:-1","max-image-preview":"max-image-preview:large","max-video-preview":"max-video-preview:-1"},"canonical":"https:\/\/www.cabdeco.ca\/en\/product\/stools-poufs\/chat-pouf-l\/","og_locale":"en_US","og_type":"article","og_title":"Chat Pouf L - CAB D\u00e9co - Contract and Residential Furniture - Montreal","og_description":"Chat pouf l - Entirely upholstered pouf. Suitable for contract use. Lounge seat, sofa, pouf and furniture for home and public use.","og_url":"https:\/\/www.cabdeco.ca\/en\/product\/stools-poufs\/chat-pouf-l\/","og_site_name":"Espace Cabd\u00e9co","article_publisher":"https:\/\/www.facebook.com\/CAB-D%c3%a9co-626681560734273\/","article_modified_time":"2024-05-02T15:52:45+00:00","og_image":[{"width":620,"height":560,"url":"https:\/\/www.cabdeco.ca\/wp-content\/uploads\/2016\/01\/chat-pouf-gray-front.jpg","type":"image\/jpeg"}],"twitter_card":"summary_large_image","twitter_site":"@cabdeco","schema":{"@context":"https:\/\/schema.org","@graph":[{"@type":"WebPage","@id":"https:\/\/www.cabdeco.ca\/en\/product\/stools-poufs\/chat-pouf-l\/","url":"https:\/\/www.cabdeco.ca\/en\/product\/stools-poufs\/chat-pouf-l\/","name":"Chat Pouf L - CAB D\u00e9co - Contract and Residential Furniture - Montreal","isPartOf":{"@id":"https:\/\/www.espacecabdeco.ca\/#website"},"primaryImageOfPage":{"@id":"https:\/\/www.cabdeco.ca\/en\/product\/stools-poufs\/chat-pouf-l\/#primaryimage"},"image":{"@id":"https:\/\/www.cabdeco.ca\/en\/product\/stools-poufs\/chat-pouf-l\/#primaryimage"},"thumbnailUrl":"https:\/\/www.espacecabdeco.ca\/wp-content\/uploads\/2016\/01\/chat-pouf-gray-front.jpg","datePublished":"2016-01-03T12:01:44+00:00","dateModified":"2024-05-02T15:52:45+00:00","description":"Chat pouf l - Entirely upholstered pouf. Suitable for contract use. Lounge seat, sofa, pouf and furniture for home and public use.","breadcrumb":{"@id":"https:\/\/www.cabdeco.ca\/en\/product\/stools-poufs\/chat-pouf-l\/#breadcrumb"},"inLanguage":"en-US","potentialAction":[{"@type":"ReadAction","target":["https:\/\/www.cabdeco.ca\/en\/product\/stools-poufs\/chat-pouf-l\/"]}]},{"@type":"ImageObject","inLanguage":"en-US","@id":"https:\/\/www.cabdeco.ca\/en\/product\/stools-poufs\/chat-pouf-l\/#primaryimage","url":"https:\/\/www.espacecabdeco.ca\/wp-content\/uploads\/2016\/01\/chat-pouf-gray-front.jpg","contentUrl":"https:\/\/www.espacecabdeco.ca\/wp-content\/uploads\/2016\/01\/chat-pouf-gray-front.jpg","width":620,"height":560},{"@type":"BreadcrumbList","@id":"https:\/\/www.cabdeco.ca\/en\/product\/stools-poufs\/chat-pouf-l\/#breadcrumb","itemListElement":[{"@type":"ListItem","position":1,"name":"Accueil","item":"https:\/\/www.espacecabdeco.ca\/en\/"},{"@type":"ListItem","position":2,"name":"Products","item":"https:\/\/www.espacecabdeco.ca\/produits\/"},{"@type":"ListItem","position":3,"name":"Chat Pouf L"}]},{"@type":"WebSite","@id":"https:\/\/www.espacecabdeco.ca\/#website","url":"https:\/\/www.espacecabdeco.ca\/","name":"Espace Cabd\u00e9co","description":"Mobilier commercial et r\u00e9sidentiel \u00e0 Montr\u00e9al","potentialAction":[{"@type":"SearchAction","target":{"@type":"EntryPoint","urlTemplate":"https:\/\/www.espacecabdeco.ca\/?s={search_term_string}"},"query-input":{"@type":"PropertyValueSpecification","valueRequired":true,"valueName":"search_term_string"}}],"inLanguage":"en-US"}]}},"_links":{"self":[{"href":"https:\/\/www.espacecabdeco.ca\/en\/wp-json\/wp\/v2\/product\/4038","targetHints":{"allow":["GET"]}}],"collection":[{"href":"https:\/\/www.espacecabdeco.ca\/en\/wp-json\/wp\/v2\/product"}],"about":[{"href":"https:\/\/www.espacecabdeco.ca\/en\/wp-json\/wp\/v2\/types\/product"}],"replies":[{"embeddable":true,"href":"https:\/\/www.espacecabdeco.ca\/en\/wp-json\/wp\/v2\/comments?post=4038"}],"wp:featuredmedia":[{"embeddable":true,"href":"https:\/\/www.espacecabdeco.ca\/en\/wp-json\/wp\/v2\/media\/4032"}],"wp:attachment":[{"href":"https:\/\/www.espacecabdeco.ca\/en\/wp-json\/wp\/v2\/media?parent=4038"}],"wp:term":[{"taxonomy":"product_brand","embeddable":true,"href":"https:\/\/www.espacecabdeco.ca\/en\/wp-json\/wp\/v2\/product_brand?post=4038"},{"taxonomy":"product_cat","embeddable":true,"href":"https:\/\/www.espacecabdeco.ca\/en\/wp-json\/wp\/v2\/product_cat?post=4038"},{"taxonomy":"product_tag","embeddable":true,"href":"https:\/\/www.espacecabdeco.ca\/en\/wp-json\/wp\/v2\/product_tag?post=4038"}],"curies":[{"name":"wp","href":"https:\/\/api.w.org\/{rel}","templated":true}]}}